{"id":17,"date":"2023-03-04T09:01:34","date_gmt":"2023-03-04T09:01:34","guid":{"rendered":"https:\/\/traningsschematjej.com\/?page_id=17"},"modified":"2023-06-26T03:25:52","modified_gmt":"2023-06-26T03:25:52","slug":"fardiga-steroidkurer-for-tjejer","status":"publish","type":"page","link":"https:\/\/traningsschematjej.com\/?page_id=17","title":{"rendered":"F\u00e4rdiga kurer med steroider f\u00f6r tjejer"},"content":{"rendered":"\n<p>Nedan \u00e4r ett urval av steroider som tjejer kan anv\u00e4nda. Vi har valt ut n\u00e5gra vanliga injicerbara steroider och ett paket som \u00e4r en f\u00e4rdig kur f\u00f6r <a href=\"https:\/\/anabolasteroider.net\/steroider-for-tjejer\/\" target=\"_blank\" rel=\"noreferrer noopener\">tjejer som vill testa steroider<\/a>. <a href=\"https:\/\/anabolasteroider.net\/steroider-for-tjejer\/\">L\u00e4s mer p\u00e5 anabolasteroider.net<\/a>, d\u00e4r det ocks\u00e5 finns en <a href=\"https:\/\/anabolasteroider.net\/fragor-och-svar\/\">FaQ som svarar p\u00e5 vanliga fr\u00e5gor kring anabola steroider<\/a>, dosering, mat, s\u00f6mn, kost och mycket mer.<\/p>\n\n\n\n<figure class=\"wp-block-image size-full\"><img decoding=\"async\" loading=\"lazy\" width=\"800\" height=\"800\" src=\"https:\/\/traningsschematjej.com\/wp-content\/uploads\/2023\/06\/9-veckors-deff-kur-mid.jpg\" alt=\"\" class=\"wp-image-31\" srcset=\"https:\/\/traningsschematjej.com\/wp-content\/uploads\/2023\/06\/9-veckors-deff-kur-mid.jpg 800w, https:\/\/traningsschematjej.com\/wp-content\/uploads\/2023\/06\/9-veckors-deff-kur-mid-300x300.jpg 300w, https:\/\/traningsschematjej.com\/wp-content\/uploads\/2023\/06\/9-veckors-deff-kur-mid-150x150.jpg 150w, https:\/\/traningsschematjej.com\/wp-content\/uploads\/2023\/06\/9-veckors-deff-kur-mid-768x768.jpg 768w\" sizes=\"(max-width: 800px) 100vw, 800px\" \/><\/figure>\n","protected":false},"excerpt":{"rendered":"<p>Nedan \u00e4r ett urval av steroider som tjejer kan anv\u00e4nda. Vi har valt ut n\u00e5gra vanliga injicerbara steroider och ett paket som \u00e4r en f\u00e4rdig kur f\u00f6r tjejer som vill testa steroider. L\u00e4s mer p\u00e5 anabolasteroider.net, d\u00e4r det ocks\u00e5 finns en FaQ som svarar p\u00e5 vanliga fr\u00e5gor kring anabola steroider, dosering, mat, s\u00f6mn, kost och &#8230; <a title=\"F\u00e4rdiga kurer med steroider f\u00f6r tjejer\" class=\"read-more\" href=\"https:\/\/traningsschematjej.com\/?page_id=17\" aria-label=\"Mer p\u00e5 F\u00e4rdiga kurer med steroider f\u00f6r tjejer\">L\u00e4s mer<\/a><\/p>\n","protected":false},"author":2,"featured_media":6,"parent":0,"menu_order":0,"comment_status":"closed","ping_status":"closed","template":"","meta":[],"yoast_head":"<!-- This site is optimized with the Yoast SEO plugin v20.2.1 - https:\/\/yoast.com\/wordpress\/plugins\/seo\/ -->\n<title>F\u00e4rdiga kurer med steroider f\u00f6r tjejer - traningsschematjej.com<\/title>\n<meta name=\"description\" content=\"F\u00e4rdiga steroidkurer f\u00f6r tjejer. Vi har valt ut n\u00e5gra vanliga steroider och ett paket som f\u00f6r tjejer som vill testa steroider.\" \/>\n<meta name=\"robots\" content=\"index, follow, max-snippet:-1, max-image-preview:large, max-video-preview:-1\" \/>\n<link rel=\"canonical\" href=\"https:\/\/traningsschematjej.com\/?page_id=17\" \/>\n<meta property=\"og:locale\" content=\"sv_SE\" \/>\n<meta property=\"og:type\" content=\"article\" \/>\n<meta property=\"og:title\" content=\"F\u00e4rdiga kurer med steroider f\u00f6r tjejer - traningsschematjej.com\" \/>\n<meta property=\"og:description\" content=\"F\u00e4rdiga steroidkurer f\u00f6r tjejer. Vi har valt ut n\u00e5gra vanliga steroider och ett paket som f\u00f6r tjejer som vill testa steroider.\" \/>\n<meta property=\"og:url\" content=\"https:\/\/traningsschematjej.com\/?page_id=17\" \/>\n<meta property=\"og:site_name\" content=\"traningsschematjej.com\" \/>\n<meta property=\"article:modified_time\" content=\"2023-06-26T03:25:52+00:00\" \/>\n<meta property=\"og:image\" content=\"http:\/\/traningsschematjej.com\/wp-content\/uploads\/2023\/03\/pretty-blonde-sportswoman-posing-while-standing-scaled.jpg\" \/>\n\t<meta property=\"og:image:width\" content=\"2560\" \/>\n\t<meta property=\"og:image:height\" content=\"1707\" \/>\n\t<meta property=\"og:image:type\" content=\"image\/jpeg\" \/>\n<meta name=\"twitter:card\" content=\"summary_large_image\" \/>\n<meta name=\"twitter:label1\" content=\"Ber\u00e4knad l\u00e4stid\" \/>\n\t<meta name=\"twitter:data1\" content=\"1 minut\" \/>\n<script type=\"application\/ld+json\" class=\"yoast-schema-graph\">{\"@context\":\"https:\/\/schema.org\",\"@graph\":[{\"@type\":\"WebPage\",\"@id\":\"https:\/\/traningsschematjej.com\/?page_id=17\",\"url\":\"https:\/\/traningsschematjej.com\/?page_id=17\",\"name\":\"F\u00e4rdiga kurer med steroider f\u00f6r tjejer - traningsschematjej.com\",\"isPartOf\":{\"@id\":\"https:\/\/traningsschematjej.com\/#website\"},\"datePublished\":\"2023-03-04T09:01:34+00:00\",\"dateModified\":\"2023-06-26T03:25:52+00:00\",\"description\":\"F\u00e4rdiga steroidkurer f\u00f6r tjejer. Vi har valt ut n\u00e5gra vanliga steroider och ett paket som f\u00f6r tjejer som vill testa steroider.\",\"breadcrumb\":{\"@id\":\"https:\/\/traningsschematjej.com\/?page_id=17#breadcrumb\"},\"inLanguage\":\"sv-SE\",\"potentialAction\":[{\"@type\":\"ReadAction\",\"target\":[\"https:\/\/traningsschematjej.com\/?page_id=17\"]}]},{\"@type\":\"BreadcrumbList\",\"@id\":\"https:\/\/traningsschematjej.com\/?page_id=17#breadcrumb\",\"itemListElement\":[{\"@type\":\"ListItem\",\"position\":1,\"name\":\"Hem\",\"item\":\"https:\/\/traningsschematjej.com\/\"},{\"@type\":\"ListItem\",\"position\":2,\"name\":\"F\u00e4rdiga kurer med steroider f\u00f6r tjejer\"}]},{\"@type\":\"WebSite\",\"@id\":\"https:\/\/traningsschematjej.com\/#website\",\"url\":\"https:\/\/traningsschematjej.com\/\",\"name\":\"traningsschematjej.com\",\"description\":\"\",\"potentialAction\":[{\"@type\":\"SearchAction\",\"target\":{\"@type\":\"EntryPoint\",\"urlTemplate\":\"https:\/\/traningsschematjej.com\/?s={search_term_string}\"},\"query-input\":\"required name=search_term_string\"}],\"inLanguage\":\"sv-SE\"}]}<\/script>\n<!-- \/ Yoast SEO plugin. -->","yoast_head_json":{"title":"F\u00e4rdiga kurer med steroider f\u00f6r tjejer - traningsschematjej.com","description":"F\u00e4rdiga steroidkurer f\u00f6r tjejer. Vi har valt ut n\u00e5gra vanliga steroider och ett paket som f\u00f6r tjejer som vill testa steroider.","robots":{"index":"index","follow":"follow","max-snippet":"max-snippet:-1","max-image-preview":"max-image-preview:large","max-video-preview":"max-video-preview:-1"},"canonical":"https:\/\/traningsschematjej.com\/?page_id=17","og_locale":"sv_SE","og_type":"article","og_title":"F\u00e4rdiga kurer med steroider f\u00f6r tjejer - traningsschematjej.com","og_description":"F\u00e4rdiga steroidkurer f\u00f6r tjejer. Vi har valt ut n\u00e5gra vanliga steroider och ett paket som f\u00f6r tjejer som vill testa steroider.","og_url":"https:\/\/traningsschematjej.com\/?page_id=17","og_site_name":"traningsschematjej.com","article_modified_time":"2023-06-26T03:25:52+00:00","og_image":[{"width":2560,"height":1707,"url":"http:\/\/traningsschematjej.com\/wp-content\/uploads\/2023\/03\/pretty-blonde-sportswoman-posing-while-standing-scaled.jpg","type":"image\/jpeg"}],"twitter_card":"summary_large_image","twitter_misc":{"Ber\u00e4knad l\u00e4stid":"1 minut"},"schema":{"@context":"https:\/\/schema.org","@graph":[{"@type":"WebPage","@id":"https:\/\/traningsschematjej.com\/?page_id=17","url":"https:\/\/traningsschematjej.com\/?page_id=17","name":"F\u00e4rdiga kurer med steroider f\u00f6r tjejer - traningsschematjej.com","isPartOf":{"@id":"https:\/\/traningsschematjej.com\/#website"},"datePublished":"2023-03-04T09:01:34+00:00","dateModified":"2023-06-26T03:25:52+00:00","description":"F\u00e4rdiga steroidkurer f\u00f6r tjejer. Vi har valt ut n\u00e5gra vanliga steroider och ett paket som f\u00f6r tjejer som vill testa steroider.","breadcrumb":{"@id":"https:\/\/traningsschematjej.com\/?page_id=17#breadcrumb"},"inLanguage":"sv-SE","potentialAction":[{"@type":"ReadAction","target":["https:\/\/traningsschematjej.com\/?page_id=17"]}]},{"@type":"BreadcrumbList","@id":"https:\/\/traningsschematjej.com\/?page_id=17#breadcrumb","itemListElement":[{"@type":"ListItem","position":1,"name":"Hem","item":"https:\/\/traningsschematjej.com\/"},{"@type":"ListItem","position":2,"name":"F\u00e4rdiga kurer med steroider f\u00f6r tjejer"}]},{"@type":"WebSite","@id":"https:\/\/traningsschematjej.com\/#website","url":"https:\/\/traningsschematjej.com\/","name":"traningsschematjej.com","description":"","potentialAction":[{"@type":"SearchAction","target":{"@type":"EntryPoint","urlTemplate":"https:\/\/traningsschematjej.com\/?s={search_term_string}"},"query-input":"required name=search_term_string"}],"inLanguage":"sv-SE"}]}},"_links":{"self":[{"href":"https:\/\/traningsschematjej.com\/index.php?rest_route=\/wp\/v2\/pages\/17"}],"collection":[{"href":"https:\/\/traningsschematjej.com\/index.php?rest_route=\/wp\/v2\/pages"}],"about":[{"href":"https:\/\/traningsschematjej.com\/index.php?rest_route=\/wp\/v2\/types\/page"}],"author":[{"embeddable":true,"href":"https:\/\/traningsschematjej.com\/index.php?rest_route=\/wp\/v2\/users\/2"}],"replies":[{"embeddable":true,"href":"https:\/\/traningsschematjej.com\/index.php?rest_route=%2Fwp%2Fv2%2Fcomments&post=17"}],"version-history":[{"count":5,"href":"https:\/\/traningsschematjej.com\/index.php?rest_route=\/wp\/v2\/pages\/17\/revisions"}],"predecessor-version":[{"id":32,"href":"https:\/\/traningsschematjej.com\/index.php?rest_route=\/wp\/v2\/pages\/17\/revisions\/32"}],"wp:featuredmedia":[{"embeddable":true,"href":"https:\/\/traningsschematjej.com\/index.php?rest_route=\/wp\/v2\/media\/6"}],"wp:attachment":[{"href":"https:\/\/traningsschematjej.com\/index.php?rest_route=%2Fwp%2Fv2%2Fmedia&parent=17"}],"curies":[{"name":"wp","href":"https:\/\/api.w.org\/{rel}","templated":true}]}}