{"id":34,"date":"2023-10-19T14:24:39","date_gmt":"2023-10-19T14:24:39","guid":{"rendered":"https:\/\/traningsschematjej.com\/?page_id=34"},"modified":"2023-10-19T14:52:13","modified_gmt":"2023-10-19T14:52:13","slug":"semaglutid-viktminskningsmedel","status":"publish","type":"page","link":"https:\/\/traningsschematjej.com\/?page_id=34","title":{"rendered":"Semaglutid &#8211; Ozempic"},"content":{"rendered":"\n<p>Semaglutid 5mg (Ozempic) \u00e4r ett av V\u00e4rldens b\u00e4sta viktminskningsmedel, nu helt receptfritt i Sverige. Alla generiska l\u00e4kemedel p\u00e5 <a href=\"https:\/\/anabolasteroider.net\/shop\/alla-produkter\/semaglutide-5mg\/\">anabolasteroider.net<\/a> \u00e4r labbtestade. P\u00e5 den hemsidan kan du enkelt betala med Visa, Mastercard eller klassiska BTC.<\/p>\n\n\n\n<hr class=\"wp-block-separator has-alpha-channel-opacity\"\/>\n\n\n\n<div class=\"wp-block-media-text is-stacked-on-mobile is-vertically-aligned-top\" style=\"grid-template-columns:49% auto\"><figure class=\"wp-block-media-text__media\"><a href=\"https:\/\/anabolasteroider.net\/shop\/alla-produkter\/semaglutide-5mg\/\"><img decoding=\"async\" loading=\"lazy\" width=\"718\" height=\"398\" src=\"https:\/\/traningsschematjej.com\/wp-content\/uploads\/2023\/10\/Semaglutid_5mg.png\" alt=\"\" class=\"wp-image-35 size-full\" srcset=\"https:\/\/traningsschematjej.com\/wp-content\/uploads\/2023\/10\/Semaglutid_5mg.png 718w, https:\/\/traningsschematjej.com\/wp-content\/uploads\/2023\/10\/Semaglutid_5mg-300x166.png 300w\" sizes=\"(max-width: 718px) 100vw, 718px\" \/><\/a><\/figure><div class=\"wp-block-media-text__content\">\n<p><strong>Semaglutid 5mg kit<\/strong><br><br>Semaglutid 5mg med BAC (sterilt) vatten och 2st insulinsprutor hittar du hos anabolasteroider.net som ut\u00f6ver steroider har flera popul\u00e4ra produkter som Semaglutid och Melanotan 2.<\/p>\n\n\n\n<div class=\"is-layout-flex wp-block-buttons\">\n<div class=\"wp-block-button is-style-fill\"><a class=\"wp-block-button__link wp-element-button\" href=\"https:\/\/anabolasteroider.net\/shop\/alla-produkter\/melanotan-2-10mg\/\" target=\"_blank\" rel=\"noreferrer noopener\"><strong>L\u00e4s mer om Semaglutid h\u00e4r<\/strong><\/a><\/div>\n<\/div>\n<\/div><\/div>\n\n\n\n<hr class=\"wp-block-separator has-alpha-channel-opacity\"\/>\n\n\n\n<h2>Hur du blandar Semaglutid<\/h2>\n\n\n\n<p>Semaglutid kommer i en 5mg vial och en liten flaska med sterilt vatten samt tv\u00e5 insulinsprutor. Du blandar 2ml sterilt vatten i vialen med Semaglutid r\u00e5vara, detta g\u00f6r du genom att fylla 2st insulinsprutor (varje spruta rymmer ca 1ml) med sterilt vatten, sedan injicerar du b\u00e5da insulinsprutor med sterilt vatten i vialen med Semaglutid r\u00e5vara (pulver) och skakar sedan f\u00f6rsiktigt vialen tills all r\u00e5vara \u00e4r utblandad med v\u00e4tskan. N\u00e4r v\u00e4tskan \u00e4r helt klar som vatten och inget pulver syns i vialen \u00e4r Semaglutid f\u00e4rdig att anv\u00e4nda.<\/p>\n\n\n\n<h3>Hur du injicerar Semaglutid <\/h3>\n\n\n\n<p>Du injicerar Semaglutid p\u00e5 samma s\u00e4tt som Melanotan 2 (barbiedrogen) i bukfettet ett par centimeter fr\u00e5n naveln. En vanlig startdos \u00e4r 0,25mg vilket \u00e4r 10iu p\u00e5 insulinsprutan. Vissa startar p\u00e5 0,50mg vilket blir till 20iu p\u00e5 insulinsprutan. Du injicerar en g\u00e5ng per vecka, var sjunde dag. Var noga med detta och skriv g\u00e4rna p\u00e5minnelser i kalendern till kuren \u00e4r avslutad.<\/p>\n\n\n\n<h3>Hur du f\u00f6rvarar Semaglutid <\/h3>\n\n\n\n<p>Du f\u00f6rvarar Semaglutid p\u00e5 samma s\u00e4tt som Melanotan 2 (barbiedrogen) i kylsk\u00e5pet. D\u00e5 \u00e4r h\u00e5llbarheten upp till tre m\u00e5nader. I rumstemperatur \u00e4r h\u00e5llbarheten i s\u00e4msta fall n\u00e5gon vecka. S\u00e5 var noggrann med detta.<\/p>\n\n\n\n<h3>Hur snabbt ser du resultat med Semaglutid <\/h3>\n\n\n\n<p>Du b\u00f6r minska i vikt redan efter 1-2 veckors anv\u00e4ndning med Semaglutid. De flesta anv\u00e4ndare k\u00f6r ett uppl\u00e4gg p\u00e5 12 veckor och g\u00e5r ner mellan 5-10kg i vikt. L\u00e4gg till n\u00e5gra promenader i veckan och f\u00f6rs\u00f6k \u00e4ta lite mindre och lite h\u00e4lsosammare \u00e4n du g\u00f6r normalt s\u00e5 kan viktnedg\u00e5ngen bli \u00e4nnu st\u00f6rre.<\/p>\n","protected":false},"excerpt":{"rendered":"<p>Semaglutid 5mg (Ozempic) \u00e4r ett av V\u00e4rldens b\u00e4sta viktminskningsmedel, nu helt receptfritt i Sverige. Alla generiska l\u00e4kemedel p\u00e5 anabolasteroider.net \u00e4r labbtestade. P\u00e5 den hemsidan kan du enkelt betala med Visa, Mastercard eller klassiska BTC. Hur du blandar Semaglutid Semaglutid kommer i en 5mg vial och en liten flaska med sterilt vatten samt tv\u00e5 insulinsprutor. Du &#8230; <a title=\"Semaglutid &#8211; Ozempic\" class=\"read-more\" href=\"https:\/\/traningsschematjej.com\/?page_id=34\" aria-label=\"Mer p\u00e5 Semaglutid &#8211; Ozempic\">L\u00e4s mer<\/a><\/p>\n","protected":false},"author":2,"featured_media":0,"parent":0,"menu_order":0,"comment_status":"closed","ping_status":"closed","template":"","meta":[],"yoast_head":"<!-- This site is optimized with the Yoast SEO plugin v20.2.1 - https:\/\/yoast.com\/wordpress\/plugins\/seo\/ -->\n<title>Semaglutid - Ozempic - traningsschematjej.com<\/title>\n<meta name=\"description\" content=\"Du b\u00f6r minska i vikt redan efter 1-2 veckors anv\u00e4ndning med Semaglutid. De flesta anv\u00e4ndare k\u00f6r ett uppl\u00e4gg p\u00e5 12 veckor och g\u00e5r ner mellan 5-10kg i vikt.\" \/>\n<meta name=\"robots\" content=\"index, follow, max-snippet:-1, max-image-preview:large, max-video-preview:-1\" \/>\n<link rel=\"canonical\" href=\"https:\/\/traningsschematjej.com\/?page_id=34\" \/>\n<meta property=\"og:locale\" content=\"sv_SE\" \/>\n<meta property=\"og:type\" content=\"article\" \/>\n<meta property=\"og:title\" content=\"Semaglutid - Ozempic - traningsschematjej.com\" \/>\n<meta property=\"og:description\" content=\"Du b\u00f6r minska i vikt redan efter 1-2 veckors anv\u00e4ndning med Semaglutid. De flesta anv\u00e4ndare k\u00f6r ett uppl\u00e4gg p\u00e5 12 veckor och g\u00e5r ner mellan 5-10kg i vikt.\" \/>\n<meta property=\"og:url\" content=\"https:\/\/traningsschematjej.com\/?page_id=34\" \/>\n<meta property=\"og:site_name\" content=\"traningsschematjej.com\" \/>\n<meta property=\"article:modified_time\" content=\"2023-10-19T14:52:13+00:00\" \/>\n<meta property=\"og:image\" content=\"https:\/\/traningsschematjej.com\/wp-content\/uploads\/2023\/10\/Semaglutid_5mg.png\" \/>\n<meta name=\"twitter:card\" content=\"summary_large_image\" \/>\n<meta name=\"twitter:label1\" content=\"Ber\u00e4knad l\u00e4stid\" \/>\n\t<meta name=\"twitter:data1\" content=\"2 minuter\" \/>\n<script type=\"application\/ld+json\" class=\"yoast-schema-graph\">{\"@context\":\"https:\/\/schema.org\",\"@graph\":[{\"@type\":\"WebPage\",\"@id\":\"https:\/\/traningsschematjej.com\/?page_id=34\",\"url\":\"https:\/\/traningsschematjej.com\/?page_id=34\",\"name\":\"Semaglutid - Ozempic - traningsschematjej.com\",\"isPartOf\":{\"@id\":\"https:\/\/traningsschematjej.com\/#website\"},\"datePublished\":\"2023-10-19T14:24:39+00:00\",\"dateModified\":\"2023-10-19T14:52:13+00:00\",\"description\":\"Du b\u00f6r minska i vikt redan efter 1-2 veckors anv\u00e4ndning med Semaglutid. De flesta anv\u00e4ndare k\u00f6r ett uppl\u00e4gg p\u00e5 12 veckor och g\u00e5r ner mellan 5-10kg i vikt.\",\"breadcrumb\":{\"@id\":\"https:\/\/traningsschematjej.com\/?page_id=34#breadcrumb\"},\"inLanguage\":\"sv-SE\",\"potentialAction\":[{\"@type\":\"ReadAction\",\"target\":[\"https:\/\/traningsschematjej.com\/?page_id=34\"]}]},{\"@type\":\"BreadcrumbList\",\"@id\":\"https:\/\/traningsschematjej.com\/?page_id=34#breadcrumb\",\"itemListElement\":[{\"@type\":\"ListItem\",\"position\":1,\"name\":\"Hem\",\"item\":\"https:\/\/traningsschematjej.com\/\"},{\"@type\":\"ListItem\",\"position\":2,\"name\":\"Semaglutid &#8211; Ozempic\"}]},{\"@type\":\"WebSite\",\"@id\":\"https:\/\/traningsschematjej.com\/#website\",\"url\":\"https:\/\/traningsschematjej.com\/\",\"name\":\"traningsschematjej.com\",\"description\":\"\",\"potentialAction\":[{\"@type\":\"SearchAction\",\"target\":{\"@type\":\"EntryPoint\",\"urlTemplate\":\"https:\/\/traningsschematjej.com\/?s={search_term_string}\"},\"query-input\":\"required name=search_term_string\"}],\"inLanguage\":\"sv-SE\"}]}<\/script>\n<!-- \/ Yoast SEO plugin. -->","yoast_head_json":{"title":"Semaglutid - Ozempic - traningsschematjej.com","description":"Du b\u00f6r minska i vikt redan efter 1-2 veckors anv\u00e4ndning med Semaglutid. De flesta anv\u00e4ndare k\u00f6r ett uppl\u00e4gg p\u00e5 12 veckor och g\u00e5r ner mellan 5-10kg i vikt.","robots":{"index":"index","follow":"follow","max-snippet":"max-snippet:-1","max-image-preview":"max-image-preview:large","max-video-preview":"max-video-preview:-1"},"canonical":"https:\/\/traningsschematjej.com\/?page_id=34","og_locale":"sv_SE","og_type":"article","og_title":"Semaglutid - Ozempic - traningsschematjej.com","og_description":"Du b\u00f6r minska i vikt redan efter 1-2 veckors anv\u00e4ndning med Semaglutid. De flesta anv\u00e4ndare k\u00f6r ett uppl\u00e4gg p\u00e5 12 veckor och g\u00e5r ner mellan 5-10kg i vikt.","og_url":"https:\/\/traningsschematjej.com\/?page_id=34","og_site_name":"traningsschematjej.com","article_modified_time":"2023-10-19T14:52:13+00:00","og_image":[{"url":"https:\/\/traningsschematjej.com\/wp-content\/uploads\/2023\/10\/Semaglutid_5mg.png"}],"twitter_card":"summary_large_image","twitter_misc":{"Ber\u00e4knad l\u00e4stid":"2 minuter"},"schema":{"@context":"https:\/\/schema.org","@graph":[{"@type":"WebPage","@id":"https:\/\/traningsschematjej.com\/?page_id=34","url":"https:\/\/traningsschematjej.com\/?page_id=34","name":"Semaglutid - Ozempic - traningsschematjej.com","isPartOf":{"@id":"https:\/\/traningsschematjej.com\/#website"},"datePublished":"2023-10-19T14:24:39+00:00","dateModified":"2023-10-19T14:52:13+00:00","description":"Du b\u00f6r minska i vikt redan efter 1-2 veckors anv\u00e4ndning med Semaglutid. De flesta anv\u00e4ndare k\u00f6r ett uppl\u00e4gg p\u00e5 12 veckor och g\u00e5r ner mellan 5-10kg i vikt.","breadcrumb":{"@id":"https:\/\/traningsschematjej.com\/?page_id=34#breadcrumb"},"inLanguage":"sv-SE","potentialAction":[{"@type":"ReadAction","target":["https:\/\/traningsschematjej.com\/?page_id=34"]}]},{"@type":"BreadcrumbList","@id":"https:\/\/traningsschematjej.com\/?page_id=34#breadcrumb","itemListElement":[{"@type":"ListItem","position":1,"name":"Hem","item":"https:\/\/traningsschematjej.com\/"},{"@type":"ListItem","position":2,"name":"Semaglutid &#8211; Ozempic"}]},{"@type":"WebSite","@id":"https:\/\/traningsschematjej.com\/#website","url":"https:\/\/traningsschematjej.com\/","name":"traningsschematjej.com","description":"","potentialAction":[{"@type":"SearchAction","target":{"@type":"EntryPoint","urlTemplate":"https:\/\/traningsschematjej.com\/?s={search_term_string}"},"query-input":"required name=search_term_string"}],"inLanguage":"sv-SE"}]}},"_links":{"self":[{"href":"https:\/\/traningsschematjej.com\/index.php?rest_route=\/wp\/v2\/pages\/34"}],"collection":[{"href":"https:\/\/traningsschematjej.com\/index.php?rest_route=\/wp\/v2\/pages"}],"about":[{"href":"https:\/\/traningsschematjej.com\/index.php?rest_route=\/wp\/v2\/types\/page"}],"author":[{"embeddable":true,"href":"https:\/\/traningsschematjej.com\/index.php?rest_route=\/wp\/v2\/users\/2"}],"replies":[{"embeddable":true,"href":"https:\/\/traningsschematjej.com\/index.php?rest_route=%2Fwp%2Fv2%2Fcomments&post=34"}],"version-history":[{"count":4,"href":"https:\/\/traningsschematjej.com\/index.php?rest_route=\/wp\/v2\/pages\/34\/revisions"}],"predecessor-version":[{"id":48,"href":"https:\/\/traningsschematjej.com\/index.php?rest_route=\/wp\/v2\/pages\/34\/revisions\/48"}],"wp:attachment":[{"href":"https:\/\/traningsschematjej.com\/index.php?rest_route=%2Fwp%2Fv2%2Fmedia&parent=34"}],"curies":[{"name":"wp","href":"https:\/\/api.w.org\/{rel}","templated":true}]}}