{"id":41,"date":"2023-10-19T14:48:37","date_gmt":"2023-10-19T14:48:37","guid":{"rendered":"https:\/\/traningsschematjej.com\/?page_id=41"},"modified":"2023-10-19T14:51:26","modified_gmt":"2023-10-19T14:51:26","slug":"melanotan-2","status":"publish","type":"page","link":"https:\/\/traningsschematjej.com\/?page_id=41","title":{"rendered":"Melanotan 2"},"content":{"rendered":"\n<p>N\u00e4r vi tittade n\u00e4rmare p\u00e5 Semaglutid p\u00e5 <a href=\"https:\/\/anabolasteroider.net\/\">Anabolasteroider.net<\/a> hittade vi \u00e4ven en gammal favorit som st\u00e5r sig \u00e4nnu, mellokit som ofta kallas Barbiedrogen. <a href=\"https:\/\/anabolasteroider.net\/shop\/alla-produkter\/melanotan-2-10mg\/\">Melanotan 2<\/a> g\u00f6r att du blir brunare \u00e4n naturligt n\u00e4r du solar utan att du br\u00e4nner huden. Melanotan kallas ofta Mello eller barbiedrogen d\u00e5 Melanotan 2 g\u00f6r dig brunare \u00e4n normalt.<\/p>\n\n\n\n<hr class=\"wp-block-separator has-alpha-channel-opacity\"\/>\n\n\n\n<div class=\"wp-block-media-text is-stacked-on-mobile\"><figure class=\"wp-block-media-text__media\"><img decoding=\"async\" loading=\"lazy\" width=\"710\" height=\"392\" src=\"https:\/\/traningsschematjej.com\/wp-content\/uploads\/2023\/10\/Melanotan_2.png\" alt=\"\" class=\"wp-image-42 size-full\" srcset=\"https:\/\/traningsschematjej.com\/wp-content\/uploads\/2023\/10\/Melanotan_2.png 710w, https:\/\/traningsschematjej.com\/wp-content\/uploads\/2023\/10\/Melanotan_2-300x166.png 300w\" sizes=\"(max-width: 710px) 100vw, 710px\" \/><\/figure><div class=\"wp-block-media-text__content\">\n<ol>\n<li>Minskad aptit.<\/li>\n\n\n\n<li>Illam\u00e5ende i b\u00f6rjan innan kroppen vant sig vid Melanotan 2.<\/li>\n\n\n\n<li>V\u00e4rmande k\u00e4nsla i ansiktet.<\/li>\n\n\n\n<li>\u00d6kad\/Spontan erektion hos m\u00e4n.<\/li>\n\n\n\n<li>\u00d6kad Libido hos kvinnor.<\/li>\n\n\n\n<li>Du kan f\u00e5 nya leverfl\u00e4ckar och det \u00e4r inget som du beh\u00f6ver oroa dig \u00f6ver, leverfl\u00e4ckarna avtar oftast med tiden.\n<ul><\/ul>\n<\/li>\n<\/ol>\n\n\n\n<div class=\"is-layout-flex wp-block-buttons\">\n<div class=\"wp-block-button\"><a class=\"wp-block-button__link wp-element-button\" href=\"https:\/\/anabolasteroider.net\/shop\/alla-produkter\/melanotan-2-10mg\/\"><strong>K\u00f6p Melanotan h\u00e4r!<\/strong><\/a><\/div>\n<\/div>\n<\/div><\/div>\n\n\n\n<hr class=\"wp-block-separator has-alpha-channel-opacity\"\/>\n\n\n\n<h2>\u00c4r Melanotan 2 lagligt i Sverige?<\/h2>\n\n\n\n<p>Melanotan 2 \u00e4r en kosmetisk produkt som \u00e4r laglig att k\u00f6pa, laglig att ha hemma och \u00e4ven laglig att anv\u00e4nda, men inte laglig att s\u00e4lja. S\u00e5 du kan ber\u00e4tta f\u00f6r dina kompisar att du anv\u00e4nder Melanotan 2 och vart du har k\u00f6pt ditt <a href=\"https:\/\/anabolasteroider.net\/shop\/alla-produkter\/melanotan-2-10mg\/\">Mello<\/a>, men inte k\u00f6pa till kompisar och s\u00e4lja vidare, d\u00e5 blir det olagligt. Melanotan 2 kitet med steril v\u00e4tska och insulinsprutor kostar 399kr p\u00e5 Anabolasteroider.net och d\u00e4r kan du betala b\u00e5de med kryptovaluta (BTC) och med VISA och Mastercard kort.<\/p>\n\n\n\n<h2>Vi gillar deras kortbetalning som inte \u00e4r sp\u00e5rbar eller syns p\u00e5 din banks kontoutdrag<\/h2>\n\n\n\n<p>Vi gillar Anabolasteroider.net speciella kortbetalning, som inte \u00e4r sp\u00e5rbar, utan som sj\u00e4lv k\u00f6per krypto i bakgrunden och k\u00f6pet g\u00e5r d\u00e4rf\u00f6r inte att sp\u00e5ra p\u00e5 din banks kontoutdrag. Helt klart en gl\u00e4djande nyhet f\u00f6r oss som gillar produkter som normalt m\u00e5ste k\u00f6pas med Bitcoin eller att kontanter ska skickas i brev. Det h\u00e4r g\u00f6r att vi v\u00e5gar och orkar handla oftare \u00e4n tidigare d\u00e5 Bitcoin och pengar som ska skickas i brev \u00e4r ganska tidskr\u00e4vande och lite pirrigt.<\/p>\n\n\n\n<h2>Biverkningar <\/h2>\n\n\n\n<p>Flera rapporter fr\u00e5n de som anv\u00e4nder Melanotan 2 uppger positiva biverkningar som \u00f6kad sexlust och mindre fett. Vissa upplever tr\u00f6tthet de f\u00f6rsta injektionerna men de avtar efter 4-7 dagar, och d\u00e5 kan man ta sitt mello p\u00e5 kv\u00e4llen innan l\u00e4ggdags s\u00e5 m\u00e4rks tr\u00f6ttheten inte av.<\/p>\n\n\n\n<h2>L\u00e4s deras FaQ om Melanotan 2<\/h2>\n\n\n\n<p>L\u00e4s g\u00e4rna mer p\u00e5 <a href=\"https:\/\/anabolasteroider.net\/shop\/alla-produkter\/melanotan-2-10mg\/\">Anabolasteroider.net<\/a> d\u00e4r det finns en utf\u00f6rlig <a href=\"https:\/\/anabolasteroider.net\/melanotan-2\/\">FaQ<\/a> som Melanotan 2 som beskriver i detalj hur du anv\u00e4nder Melanotan 2. <\/p>\n","protected":false},"excerpt":{"rendered":"<p>N\u00e4r vi tittade n\u00e4rmare p\u00e5 Semaglutid p\u00e5 Anabolasteroider.net hittade vi \u00e4ven en gammal favorit som st\u00e5r sig \u00e4nnu, mellokit som ofta kallas Barbiedrogen. Melanotan 2 g\u00f6r att du blir brunare \u00e4n naturligt n\u00e4r du solar utan att du br\u00e4nner huden. Melanotan kallas ofta Mello eller barbiedrogen d\u00e5 Melanotan 2 g\u00f6r dig brunare \u00e4n normalt. \u00c4r &#8230; <a title=\"Melanotan 2\" class=\"read-more\" href=\"https:\/\/traningsschematjej.com\/?page_id=41\" aria-label=\"Mer p\u00e5 Melanotan 2\">L\u00e4s mer<\/a><\/p>\n","protected":false},"author":2,"featured_media":0,"parent":0,"menu_order":0,"comment_status":"closed","ping_status":"closed","template":"","meta":[],"yoast_head":"<!-- This site is optimized with the Yoast SEO plugin v20.2.1 - https:\/\/yoast.com\/wordpress\/plugins\/seo\/ -->\n<title>Melanotan 2 - traningsschematjej.com<\/title>\n<meta name=\"description\" content=\"Melanotan 2 g\u00f6r att du blir brunare \u00e4n naturligt n\u00e4r du solar utan att du br\u00e4nner huden. Melanotan kallas ofta Mello eller barbiedrogen.\" \/>\n<meta name=\"robots\" content=\"index, follow, max-snippet:-1, max-image-preview:large, max-video-preview:-1\" \/>\n<link rel=\"canonical\" href=\"https:\/\/traningsschematjej.com\/?page_id=41\" \/>\n<meta property=\"og:locale\" content=\"sv_SE\" \/>\n<meta property=\"og:type\" content=\"article\" \/>\n<meta property=\"og:title\" content=\"Melanotan 2 - traningsschematjej.com\" \/>\n<meta property=\"og:description\" content=\"Melanotan 2 g\u00f6r att du blir brunare \u00e4n naturligt n\u00e4r du solar utan att du br\u00e4nner huden. Melanotan kallas ofta Mello eller barbiedrogen.\" \/>\n<meta property=\"og:url\" content=\"https:\/\/traningsschematjej.com\/?page_id=41\" \/>\n<meta property=\"og:site_name\" content=\"traningsschematjej.com\" \/>\n<meta property=\"article:modified_time\" content=\"2023-10-19T14:51:26+00:00\" \/>\n<meta property=\"og:image\" content=\"https:\/\/traningsschematjej.com\/wp-content\/uploads\/2023\/10\/Melanotan_2.png\" \/>\n<meta name=\"twitter:card\" content=\"summary_large_image\" \/>\n<meta name=\"twitter:label1\" content=\"Ber\u00e4knad l\u00e4stid\" \/>\n\t<meta name=\"twitter:data1\" content=\"2 minuter\" \/>\n<script type=\"application\/ld+json\" class=\"yoast-schema-graph\">{\"@context\":\"https:\/\/schema.org\",\"@graph\":[{\"@type\":\"WebPage\",\"@id\":\"https:\/\/traningsschematjej.com\/?page_id=41\",\"url\":\"https:\/\/traningsschematjej.com\/?page_id=41\",\"name\":\"Melanotan 2 - traningsschematjej.com\",\"isPartOf\":{\"@id\":\"https:\/\/traningsschematjej.com\/#website\"},\"datePublished\":\"2023-10-19T14:48:37+00:00\",\"dateModified\":\"2023-10-19T14:51:26+00:00\",\"description\":\"Melanotan 2 g\u00f6r att du blir brunare \u00e4n naturligt n\u00e4r du solar utan att du br\u00e4nner huden. Melanotan kallas ofta Mello eller barbiedrogen.\",\"breadcrumb\":{\"@id\":\"https:\/\/traningsschematjej.com\/?page_id=41#breadcrumb\"},\"inLanguage\":\"sv-SE\",\"potentialAction\":[{\"@type\":\"ReadAction\",\"target\":[\"https:\/\/traningsschematjej.com\/?page_id=41\"]}]},{\"@type\":\"BreadcrumbList\",\"@id\":\"https:\/\/traningsschematjej.com\/?page_id=41#breadcrumb\",\"itemListElement\":[{\"@type\":\"ListItem\",\"position\":1,\"name\":\"Hem\",\"item\":\"https:\/\/traningsschematjej.com\/\"},{\"@type\":\"ListItem\",\"position\":2,\"name\":\"Melanotan 2\"}]},{\"@type\":\"WebSite\",\"@id\":\"https:\/\/traningsschematjej.com\/#website\",\"url\":\"https:\/\/traningsschematjej.com\/\",\"name\":\"traningsschematjej.com\",\"description\":\"\",\"potentialAction\":[{\"@type\":\"SearchAction\",\"target\":{\"@type\":\"EntryPoint\",\"urlTemplate\":\"https:\/\/traningsschematjej.com\/?s={search_term_string}\"},\"query-input\":\"required name=search_term_string\"}],\"inLanguage\":\"sv-SE\"}]}<\/script>\n<!-- \/ Yoast SEO plugin. -->","yoast_head_json":{"title":"Melanotan 2 - traningsschematjej.com","description":"Melanotan 2 g\u00f6r att du blir brunare \u00e4n naturligt n\u00e4r du solar utan att du br\u00e4nner huden. Melanotan kallas ofta Mello eller barbiedrogen.","robots":{"index":"index","follow":"follow","max-snippet":"max-snippet:-1","max-image-preview":"max-image-preview:large","max-video-preview":"max-video-preview:-1"},"canonical":"https:\/\/traningsschematjej.com\/?page_id=41","og_locale":"sv_SE","og_type":"article","og_title":"Melanotan 2 - traningsschematjej.com","og_description":"Melanotan 2 g\u00f6r att du blir brunare \u00e4n naturligt n\u00e4r du solar utan att du br\u00e4nner huden. Melanotan kallas ofta Mello eller barbiedrogen.","og_url":"https:\/\/traningsschematjej.com\/?page_id=41","og_site_name":"traningsschematjej.com","article_modified_time":"2023-10-19T14:51:26+00:00","og_image":[{"url":"https:\/\/traningsschematjej.com\/wp-content\/uploads\/2023\/10\/Melanotan_2.png"}],"twitter_card":"summary_large_image","twitter_misc":{"Ber\u00e4knad l\u00e4stid":"2 minuter"},"schema":{"@context":"https:\/\/schema.org","@graph":[{"@type":"WebPage","@id":"https:\/\/traningsschematjej.com\/?page_id=41","url":"https:\/\/traningsschematjej.com\/?page_id=41","name":"Melanotan 2 - traningsschematjej.com","isPartOf":{"@id":"https:\/\/traningsschematjej.com\/#website"},"datePublished":"2023-10-19T14:48:37+00:00","dateModified":"2023-10-19T14:51:26+00:00","description":"Melanotan 2 g\u00f6r att du blir brunare \u00e4n naturligt n\u00e4r du solar utan att du br\u00e4nner huden. Melanotan kallas ofta Mello eller barbiedrogen.","breadcrumb":{"@id":"https:\/\/traningsschematjej.com\/?page_id=41#breadcrumb"},"inLanguage":"sv-SE","potentialAction":[{"@type":"ReadAction","target":["https:\/\/traningsschematjej.com\/?page_id=41"]}]},{"@type":"BreadcrumbList","@id":"https:\/\/traningsschematjej.com\/?page_id=41#breadcrumb","itemListElement":[{"@type":"ListItem","position":1,"name":"Hem","item":"https:\/\/traningsschematjej.com\/"},{"@type":"ListItem","position":2,"name":"Melanotan 2"}]},{"@type":"WebSite","@id":"https:\/\/traningsschematjej.com\/#website","url":"https:\/\/traningsschematjej.com\/","name":"traningsschematjej.com","description":"","potentialAction":[{"@type":"SearchAction","target":{"@type":"EntryPoint","urlTemplate":"https:\/\/traningsschematjej.com\/?s={search_term_string}"},"query-input":"required name=search_term_string"}],"inLanguage":"sv-SE"}]}},"_links":{"self":[{"href":"https:\/\/traningsschematjej.com\/index.php?rest_route=\/wp\/v2\/pages\/41"}],"collection":[{"href":"https:\/\/traningsschematjej.com\/index.php?rest_route=\/wp\/v2\/pages"}],"about":[{"href":"https:\/\/traningsschematjej.com\/index.php?rest_route=\/wp\/v2\/types\/page"}],"author":[{"embeddable":true,"href":"https:\/\/traningsschematjej.com\/index.php?rest_route=\/wp\/v2\/users\/2"}],"replies":[{"embeddable":true,"href":"https:\/\/traningsschematjej.com\/index.php?rest_route=%2Fwp%2Fv2%2Fcomments&post=41"}],"version-history":[{"count":3,"href":"https:\/\/traningsschematjej.com\/index.php?rest_route=\/wp\/v2\/pages\/41\/revisions"}],"predecessor-version":[{"id":47,"href":"https:\/\/traningsschematjej.com\/index.php?rest_route=\/wp\/v2\/pages\/41\/revisions\/47"}],"wp:attachment":[{"href":"https:\/\/traningsschematjej.com\/index.php?rest_route=%2Fwp%2Fv2%2Fmedia&parent=41"}],"curies":[{"name":"wp","href":"https:\/\/api.w.org\/{rel}","templated":true}]}}