{"id":50,"date":"2024-03-24T14:40:56","date_gmt":"2024-03-24T14:40:56","guid":{"rendered":"https:\/\/traningsschematjej.com\/?page_id=50"},"modified":"2024-03-24T14:41:15","modified_gmt":"2024-03-24T14:41:15","slug":"kop-testosteron","status":"publish","type":"page","link":"https:\/\/traningsschematjej.com\/?page_id=50","title":{"rendered":"K\u00f6p testosteron"},"content":{"rendered":"\n<p>Idag ser man annonser p\u00e5 testosteroners\u00e4ttning, och tabletter f\u00f6r att boosta sina testosteronniv\u00e5er. P\u00e5 anabolasteroider.net s\u00e5 kan du <a href=\"https:\/\/anabolasteroider.net\/shop\/alla-produkter\/testosterone-enanthate-2000mg\/\" target=\"_blank\" rel=\"noreferrer noopener\">k\u00f6pa testosteron<\/a> av h\u00f6g kvalitet till r\u00e4tt pris. <a href=\"https:\/\/anabolasteroider.net\/shop\/alla-produkter\/testosterone-enanthate-2000mg\/\" target=\"_blank\" rel=\"noreferrer noopener\">K\u00f6p testosteron<\/a> p\u00e5 anabolasteroider.net.<\/p>\n","protected":false},"excerpt":{"rendered":"<p>Idag ser man annonser p\u00e5 testosteroners\u00e4ttning, och tabletter f\u00f6r att boosta sina testosteronniv\u00e5er. P\u00e5 anabolasteroider.net s\u00e5 kan du k\u00f6pa testosteron av h\u00f6g kvalitet till r\u00e4tt pris. K\u00f6p testosteron p\u00e5 anabolasteroider.net.<\/p>\n","protected":false},"author":2,"featured_media":51,"parent":0,"menu_order":0,"comment_status":"closed","ping_status":"closed","template":"","meta":[],"yoast_head":"<!-- This site is optimized with the Yoast SEO plugin v20.2.1 - https:\/\/yoast.com\/wordpress\/plugins\/seo\/ -->\n<title>K\u00f6p testosteron - traningsschematjej.com<\/title>\n<meta name=\"description\" content=\"P\u00e5 anabolasteroider.net s\u00e5 finns det flera varianter av testosteron av h\u00f6g kvalitet till bra priser. K\u00f6p testosteron.\" \/>\n<meta name=\"robots\" content=\"index, follow, max-snippet:-1, max-image-preview:large, max-video-preview:-1\" \/>\n<link rel=\"canonical\" href=\"https:\/\/traningsschematjej.com\/?page_id=50\" \/>\n<meta property=\"og:locale\" content=\"sv_SE\" \/>\n<meta property=\"og:type\" content=\"article\" \/>\n<meta property=\"og:title\" content=\"K\u00f6p testosteron - traningsschematjej.com\" \/>\n<meta property=\"og:description\" content=\"P\u00e5 anabolasteroider.net s\u00e5 finns det flera varianter av testosteron av h\u00f6g kvalitet till bra priser. K\u00f6p testosteron.\" \/>\n<meta property=\"og:url\" content=\"https:\/\/traningsschematjej.com\/?page_id=50\" \/>\n<meta property=\"og:site_name\" content=\"traningsschematjej.com\" \/>\n<meta property=\"article:modified_time\" content=\"2024-03-24T14:41:15+00:00\" \/>\n<meta property=\"og:image\" content=\"http:\/\/traningsschematjej.com\/wp-content\/uploads\/2024\/03\/testosterone_enanthate_100mg_3-768x768-1.jpg\" \/>\n\t<meta property=\"og:image:width\" content=\"768\" \/>\n\t<meta property=\"og:image:height\" content=\"768\" \/>\n\t<meta property=\"og:image:type\" content=\"image\/jpeg\" \/>\n<meta name=\"twitter:card\" content=\"summary_large_image\" \/>\n<meta name=\"twitter:label1\" content=\"Ber\u00e4knad l\u00e4stid\" \/>\n\t<meta name=\"twitter:data1\" content=\"1 minut\" \/>\n<script type=\"application\/ld+json\" class=\"yoast-schema-graph\">{\"@context\":\"https:\/\/schema.org\",\"@graph\":[{\"@type\":\"WebPage\",\"@id\":\"https:\/\/traningsschematjej.com\/?page_id=50\",\"url\":\"https:\/\/traningsschematjej.com\/?page_id=50\",\"name\":\"K\u00f6p testosteron - traningsschematjej.com\",\"isPartOf\":{\"@id\":\"https:\/\/traningsschematjej.com\/#website\"},\"datePublished\":\"2024-03-24T14:40:56+00:00\",\"dateModified\":\"2024-03-24T14:41:15+00:00\",\"description\":\"P\u00e5 anabolasteroider.net s\u00e5 finns det flera varianter av testosteron av h\u00f6g kvalitet till bra priser. K\u00f6p testosteron.\",\"breadcrumb\":{\"@id\":\"https:\/\/traningsschematjej.com\/?page_id=50#breadcrumb\"},\"inLanguage\":\"sv-SE\",\"potentialAction\":[{\"@type\":\"ReadAction\",\"target\":[\"https:\/\/traningsschematjej.com\/?page_id=50\"]}]},{\"@type\":\"BreadcrumbList\",\"@id\":\"https:\/\/traningsschematjej.com\/?page_id=50#breadcrumb\",\"itemListElement\":[{\"@type\":\"ListItem\",\"position\":1,\"name\":\"Hem\",\"item\":\"https:\/\/traningsschematjej.com\/\"},{\"@type\":\"ListItem\",\"position\":2,\"name\":\"K\u00f6p testosteron\"}]},{\"@type\":\"WebSite\",\"@id\":\"https:\/\/traningsschematjej.com\/#website\",\"url\":\"https:\/\/traningsschematjej.com\/\",\"name\":\"traningsschematjej.com\",\"description\":\"\",\"potentialAction\":[{\"@type\":\"SearchAction\",\"target\":{\"@type\":\"EntryPoint\",\"urlTemplate\":\"https:\/\/traningsschematjej.com\/?s={search_term_string}\"},\"query-input\":\"required name=search_term_string\"}],\"inLanguage\":\"sv-SE\"}]}<\/script>\n<!-- \/ Yoast SEO plugin. -->","yoast_head_json":{"title":"K\u00f6p testosteron - traningsschematjej.com","description":"P\u00e5 anabolasteroider.net s\u00e5 finns det flera varianter av testosteron av h\u00f6g kvalitet till bra priser. K\u00f6p testosteron.","robots":{"index":"index","follow":"follow","max-snippet":"max-snippet:-1","max-image-preview":"max-image-preview:large","max-video-preview":"max-video-preview:-1"},"canonical":"https:\/\/traningsschematjej.com\/?page_id=50","og_locale":"sv_SE","og_type":"article","og_title":"K\u00f6p testosteron - traningsschematjej.com","og_description":"P\u00e5 anabolasteroider.net s\u00e5 finns det flera varianter av testosteron av h\u00f6g kvalitet till bra priser. K\u00f6p testosteron.","og_url":"https:\/\/traningsschematjej.com\/?page_id=50","og_site_name":"traningsschematjej.com","article_modified_time":"2024-03-24T14:41:15+00:00","og_image":[{"width":768,"height":768,"url":"http:\/\/traningsschematjej.com\/wp-content\/uploads\/2024\/03\/testosterone_enanthate_100mg_3-768x768-1.jpg","type":"image\/jpeg"}],"twitter_card":"summary_large_image","twitter_misc":{"Ber\u00e4knad l\u00e4stid":"1 minut"},"schema":{"@context":"https:\/\/schema.org","@graph":[{"@type":"WebPage","@id":"https:\/\/traningsschematjej.com\/?page_id=50","url":"https:\/\/traningsschematjej.com\/?page_id=50","name":"K\u00f6p testosteron - traningsschematjej.com","isPartOf":{"@id":"https:\/\/traningsschematjej.com\/#website"},"datePublished":"2024-03-24T14:40:56+00:00","dateModified":"2024-03-24T14:41:15+00:00","description":"P\u00e5 anabolasteroider.net s\u00e5 finns det flera varianter av testosteron av h\u00f6g kvalitet till bra priser. K\u00f6p testosteron.","breadcrumb":{"@id":"https:\/\/traningsschematjej.com\/?page_id=50#breadcrumb"},"inLanguage":"sv-SE","potentialAction":[{"@type":"ReadAction","target":["https:\/\/traningsschematjej.com\/?page_id=50"]}]},{"@type":"BreadcrumbList","@id":"https:\/\/traningsschematjej.com\/?page_id=50#breadcrumb","itemListElement":[{"@type":"ListItem","position":1,"name":"Hem","item":"https:\/\/traningsschematjej.com\/"},{"@type":"ListItem","position":2,"name":"K\u00f6p testosteron"}]},{"@type":"WebSite","@id":"https:\/\/traningsschematjej.com\/#website","url":"https:\/\/traningsschematjej.com\/","name":"traningsschematjej.com","description":"","potentialAction":[{"@type":"SearchAction","target":{"@type":"EntryPoint","urlTemplate":"https:\/\/traningsschematjej.com\/?s={search_term_string}"},"query-input":"required name=search_term_string"}],"inLanguage":"sv-SE"}]}},"_links":{"self":[{"href":"https:\/\/traningsschematjej.com\/index.php?rest_route=\/wp\/v2\/pages\/50"}],"collection":[{"href":"https:\/\/traningsschematjej.com\/index.php?rest_route=\/wp\/v2\/pages"}],"about":[{"href":"https:\/\/traningsschematjej.com\/index.php?rest_route=\/wp\/v2\/types\/page"}],"author":[{"embeddable":true,"href":"https:\/\/traningsschematjej.com\/index.php?rest_route=\/wp\/v2\/users\/2"}],"replies":[{"embeddable":true,"href":"https:\/\/traningsschematjej.com\/index.php?rest_route=%2Fwp%2Fv2%2Fcomments&post=50"}],"version-history":[{"count":2,"href":"https:\/\/traningsschematjej.com\/index.php?rest_route=\/wp\/v2\/pages\/50\/revisions"}],"predecessor-version":[{"id":54,"href":"https:\/\/traningsschematjej.com\/index.php?rest_route=\/wp\/v2\/pages\/50\/revisions\/54"}],"wp:featuredmedia":[{"embeddable":true,"href":"https:\/\/traningsschematjej.com\/index.php?rest_route=\/wp\/v2\/media\/51"}],"wp:attachment":[{"href":"https:\/\/traningsschematjej.com\/index.php?rest_route=%2Fwp%2Fv2%2Fmedia&parent=50"}],"curies":[{"name":"wp","href":"https:\/\/api.w.org\/{rel}","templated":true}]}}